{"id":2957,"date":"2024-12-19T22:46:58","date_gmt":"2024-12-19T20:46:58","guid":{"rendered":"https:\/\/www.hitocultural.com\/?post_type=product&#038;p=2957"},"modified":"2025-02-20T12:21:23","modified_gmt":"2025-02-20T10:21:23","slug":"sevilla-copia","status":"publish","type":"product","link":"https:\/\/www.hitocultural.com\/en\/sevillaplano\/","title":{"rendered":"Sevilla plano"},"content":{"rendered":"","protected":false},"excerpt":{"rendered":"<p>&nbsp;<\/p>\n<p><strong>The City has been a place of settlement and cultural exchange of various peoples. The people of Turdeta called it Ispal, the Romans granted it the status of a colony in 45 BC. and named it Hispalis. From the s. V Vandals, Swabians and Visigoths named it Spalis. From the s. VIII the Muslims Arabicized the name and called it Isbiliya, from which its current name derives.<\/strong><\/p>\n<p>El plano revela hitos arquitect\u00f3nicos de la ciudad desde el s. XII hasta el s. XX., al contemplarlos se puede seguir su evoluci\u00f3n hist\u00f3rica, cultural y llegar a comprender en mayor medida su identidad y, por lo tanto, disfrutarla.<\/p>","protected":false},"featured_media":3138,"template":"","meta":{"_acf_changed":false},"product_brand":[],"product_cat":[36],"product_tag":[],"class_list":{"0":"post-2957","1":"product","2":"type-product","3":"status-publish","4":"has-post-thumbnail","6":"product_cat-planos","8":"first","9":"instock","10":"taxable","11":"shipping-taxable","12":"purchasable","13":"product-type-simple"},"acf":[],"_links":{"self":[{"href":"https:\/\/www.hitocultural.com\/en\/wp-json\/wp\/v2\/product\/2957","targetHints":{"allow":["GET"]}}],"collection":[{"href":"https:\/\/www.hitocultural.com\/en\/wp-json\/wp\/v2\/product"}],"about":[{"href":"https:\/\/www.hitocultural.com\/en\/wp-json\/wp\/v2\/types\/product"}],"wp:featuredmedia":[{"embeddable":true,"href":"https:\/\/www.hitocultural.com\/en\/wp-json\/wp\/v2\/media\/3138"}],"wp:attachment":[{"href":"https:\/\/www.hitocultural.com\/en\/wp-json\/wp\/v2\/media?parent=2957"}],"wp:term":[{"taxonomy":"product_brand","embeddable":true,"href":"https:\/\/www.hitocultural.com\/en\/wp-json\/wp\/v2\/product_brand?post=2957"},{"taxonomy":"product_cat","embeddable":true,"href":"https:\/\/www.hitocultural.com\/en\/wp-json\/wp\/v2\/product_cat?post=2957"},{"taxonomy":"product_tag","embeddable":true,"href":"https:\/\/www.hitocultural.com\/en\/wp-json\/wp\/v2\/product_tag?post=2957"}],"curies":[{"name":"wp","href":"https:\/\/api.w.org\/{rel}","templated":true}]}}