{"id":3294,"date":"2025-09-24T10:15:38","date_gmt":"2025-09-24T08:15:38","guid":{"rendered":"https:\/\/www.hitocultural.com\/?page_id=3294"},"modified":"2025-09-24T10:15:38","modified_gmt":"2025-09-24T08:15:38","slug":"blog-la-giralda-de-sevilla-analisis-arquitectonico","status":"publish","type":"page","link":"https:\/\/www.hitocultural.com\/en\/blog-la-giralda-de-sevilla-analisis-arquitectonico\/","title":{"rendered":"La Giralda de Sevilla: An\u00e1lisis arquitect\u00f3nico de una torre \u00fanica"},"content":{"rendered":"<h4 data-start=\"342\" data-end=\"398\">Antes de subir a la Giralda: Descubre su arquitectura y secretos estructurales<\/h4>\n<p>Cuando hablamos de la Giralda, no solo nos referimos a uno de los monumentos m\u00e1s ic\u00f3nicos de Sevilla, sino a una aut\u00e9ntica obra maestra de la arquitectura hist\u00f3rica. Su valor no reside \u00fanicamente en su belleza, sino en c\u00f3mo fue construida y qu\u00e9 soluciones t\u00e9cnicas la hicieron \u00fanica en su tiempo.<\/p>\n<p>En HitoCultural, realizamos un an\u00e1lisis detallado de la Giralda para desarrollar nuestras maquetas, lo que nos permiti\u00f3 comprender en profundidad su estructura y su relevancia arquitect\u00f3nica.<\/p>\n<hr data-start=\"943\" data-end=\"946\" \/>\n<h3 data-start=\"948\" data-end=\"991\"><strong data-start=\"955\" data-end=\"991\">Una torre con historia y t\u00e9cnica<img loading=\"lazy\" decoding=\"async\" class=\"size-medium wp-image-3289 alignright\" src=\"https:\/\/www.hitocultural.com\/wp-content\/uploads\/2025\/09\/unnamed-600x600.jpg\" alt=\"\" width=\"600\" height=\"600\" srcset=\"https:\/\/www.hitocultural.com\/wp-content\/uploads\/2025\/09\/unnamed-600x600.jpg 600w, https:\/\/www.hitocultural.com\/wp-content\/uploads\/2025\/09\/unnamed-1024x1024.jpg 1024w, https:\/\/www.hitocultural.com\/wp-content\/uploads\/2025\/09\/unnamed-300x300.jpg 300w, https:\/\/www.hitocultural.com\/wp-content\/uploads\/2025\/09\/unnamed-768x768.jpg 768w, https:\/\/www.hitocultural.com\/wp-content\/uploads\/2025\/09\/unnamed-1536x1536.jpg 1536w, https:\/\/www.hitocultural.com\/wp-content\/uploads\/2025\/09\/unnamed-2048x2048.jpg 2048w, https:\/\/www.hitocultural.com\/wp-content\/uploads\/2025\/09\/unnamed-12x12.jpg 12w, https:\/\/www.hitocultural.com\/wp-content\/uploads\/2025\/09\/unnamed-500x500.jpg 500w, https:\/\/www.hitocultural.com\/wp-content\/uploads\/2025\/09\/unnamed-100x100.jpg 100w\" sizes=\"auto, (max-width: 600px) 100vw, 600px\" \/><\/strong><\/h3>\n<ul data-start=\"993\" data-end=\"1317\">\n<li data-start=\"993\" data-end=\"1128\">\n<p data-start=\"995\" data-end=\"1024\"><strong data-start=\"995\" data-end=\"1022\">Fechas de construcci\u00f3n:<\/strong><\/p>\n<ul data-start=\"1027\" data-end=\"1128\">\n<li data-start=\"1027\" data-end=\"1074\">\n<p data-start=\"1029\" data-end=\"1074\">Primera etapa: <em data-start=\"1044\" data-end=\"1055\">1172\u20131198<\/em> (\u00e9poca almohade)<\/p>\n<\/li>\n<li data-start=\"1077\" data-end=\"1128\">\n<p data-start=\"1079\" data-end=\"1128\">Segunda etapa: <em data-start=\"1094\" data-end=\"1105\">1560\u20131568<\/em> (a\u00f1adido renacentista)<\/p>\n<\/li>\n<\/ul>\n<\/li>\n<li data-start=\"1130\" data-end=\"1209\">\n<p data-start=\"1132\" data-end=\"1160\"><strong data-start=\"1132\" data-end=\"1158\">Estilo arquitect\u00f3nico:<\/strong><\/p>\n<ul data-start=\"1163\" data-end=\"1209\">\n<li data-start=\"1163\" data-end=\"1190\">\n<p data-start=\"1165\" data-end=\"1190\"><em data-start=\"1165\" data-end=\"1188\">Arquitectura Almohade<\/em><\/p>\n<\/li>\n<li data-start=\"1193\" data-end=\"1209\">\n<p data-start=\"1195\" data-end=\"1209\"><em data-start=\"1195\" data-end=\"1209\">Renacimiento<\/em><\/p>\n<\/li>\n<\/ul>\n<\/li>\n<li data-start=\"1211\" data-end=\"1317\">\n<p data-start=\"1213\" data-end=\"1227\"><strong data-start=\"1213\" data-end=\"1225\">Funci\u00f3n:<\/strong><\/p>\n<ul data-start=\"1230\" data-end=\"1317\">\n<li data-start=\"1230\" data-end=\"1257\">\n<p data-start=\"1232\" data-end=\"1257\">Torre con funci\u00f3n sacra<\/p>\n<\/li>\n<li data-start=\"1260\" data-end=\"1317\">\n<p data-start=\"1262\" data-end=\"1317\"><em data-start=\"1262\" data-end=\"1317\">De alminar de la mezquita a campanario de la catedral<\/em><\/p>\n<\/li>\n<\/ul>\n<\/li>\n<\/ul>\n<blockquote data-start=\"1319\" data-end=\"1449\">\n<p data-start=\"1321\" data-end=\"1449\">\u00a0<em data-start=\"1324\" data-end=\"1449\">Fue concebida como alminar de la mezquita aljama de Sevilla y posteriormente adaptada como torre campanario de la catedral.<\/em><\/p>\n<\/blockquote>\n<p>&nbsp;<\/p>\n<p>&nbsp;<\/p>\n<p>&nbsp;<\/p>\n<p>&nbsp;<\/p>\n<hr data-start=\"1451\" data-end=\"1454\" \/>\n<h3 data-start=\"1456\" data-end=\"1526\"><strong data-start=\"1464\" data-end=\"1526\">\u00bfQu\u00e9 la hace \u00fanica desde el punto de vista arquitect\u00f3nico?<\/strong><\/h3>\n<p data-start=\"1528\" data-end=\"1845\">La Giralda no solo es hermosa por fuera: lo realmente fascinante es su modelo estructural, que toma como referencia los antiguos faros romanos. Su interior est\u00e1 compuesto por una rampa que asciende hasta lo m\u00e1s alto de la torre, sostenida por un sistema de muros portantes en el per\u00edmetro y el n\u00facleo.<\/p>\n<p data-start=\"1847\" data-end=\"1937\">Adem\u00e1s, la torre consigue algo que ning\u00fan otro alminar isl\u00e1mico logr\u00f3 con tanta precisi\u00f3n:<\/p>\n<ul>\n<li data-start=\"1939\" data-end=\"2166\">Harmoniza la decoraci\u00f3n exterior (con vanos cubiertos de <em data-start=\"2002\" data-end=\"2018\">pa\u00f1os de sebka<\/em>)<\/li>\n<li data-start=\"1939\" data-end=\"2166\">Integra funcionalidad con una rampa interior continua<\/li>\n<li data-start=\"1939\" data-end=\"2166\">Incluye habitaciones centrales, distribuidas a lo largo del cuerpo principal<\/li>\n<\/ul>\n<hr data-start=\"2168\" data-end=\"2171\" \/>\n<h3 data-start=\"2173\" data-end=\"2220\"><strong data-start=\"2181\" data-end=\"2220\">De la piedra&#8230; al modelo en escala<\/strong><\/h3>\n<p data-start=\"2222\" data-end=\"2386\">Este complejo sistema constructivo ha sido el punto de partida para nuestra recreaci\u00f3n en maqueta. A trav\u00e9s de materiales accesibles, hemos querido representar:<\/p>\n<ul data-start=\"2388\" data-end=\"2533\">\n<li data-start=\"2388\" data-end=\"2433\">\n<p data-start=\"2390\" data-end=\"2433\">La disposici\u00f3n de los muros portantes<\/p>\n<\/li>\n<li data-start=\"2434\" data-end=\"2474\">\n<p data-start=\"2436\" data-end=\"2474\">El recorrido interno de la rampa<\/p>\n<\/li>\n<li data-start=\"2475\" data-end=\"2533\">\n<p data-start=\"2477\" data-end=\"2533\">La integraci\u00f3n de decoraci\u00f3n y funci\u00f3n estructural<\/p>\n<\/li>\n<\/ul>\n<p data-start=\"2535\" data-end=\"2664\">Cada maqueta busca hacer visible lo invisible: lo que est\u00e1 dentro de la torre, lo que normalmente no se ve desde el exterior.<\/p>\n<hr data-start=\"2666\" data-end=\"2669\" \/>\n<h3 data-start=\"2671\" data-end=\"2711\">\u00a0<strong data-start=\"2678\" data-end=\"2711\">\u00bfPor qu\u00e9 es un hito cultural?<\/strong><\/h3>\n<p data-start=\"2713\" data-end=\"3003\">Porque la Giralda representa un punto de encuentro entre dos mundos: el isl\u00e1mico y el cristiano; el decorativo y el estructural; lo funcional y lo simb\u00f3lico. Nuestra maqueta no solo imita su forma, sino que interpreta su genio constructivo, facilitando una nueva manera de comprenderla.<\/p>\n<hr data-start=\"3005\" data-end=\"3008\" \/>\n<p data-start=\"3010\" data-end=\"3154\"><strong data-start=\"3013\" data-end=\"3154\">Te invitamos a ver nuestras maquetas y descubrir, a trav\u00e9s de ellas, c\u00f3mo la arquitectura puede hablar de historia, cultura y tecnolog\u00eda.<\/strong><\/p>\n<p data-start=\"3010\" data-end=\"3154\"><img loading=\"lazy\" decoding=\"async\" class=\"size-medium wp-image-3290 aligncenter\" src=\"https:\/\/www.hitocultural.com\/wp-content\/uploads\/2025\/09\/2-600x600.jpg\" alt=\"giralda visita\" width=\"600\" height=\"600\" srcset=\"https:\/\/www.hitocultural.com\/wp-content\/uploads\/2025\/09\/2-600x600.jpg 600w, https:\/\/www.hitocultural.com\/wp-content\/uploads\/2025\/09\/2-1024x1024.jpg 1024w, https:\/\/www.hitocultural.com\/wp-content\/uploads\/2025\/09\/2-300x300.jpg 300w, https:\/\/www.hitocultural.com\/wp-content\/uploads\/2025\/09\/2-768x768.jpg 768w, https:\/\/www.hitocultural.com\/wp-content\/uploads\/2025\/09\/2-12x12.jpg 12w, https:\/\/www.hitocultural.com\/wp-content\/uploads\/2025\/09\/2-500x500.jpg 500w, https:\/\/www.hitocultural.com\/wp-content\/uploads\/2025\/09\/2-100x100.jpg 100w, https:\/\/www.hitocultural.com\/wp-content\/uploads\/2025\/09\/2.jpg 1080w\" sizes=\"auto, (max-width: 600px) 100vw, 600px\" \/><\/p>","protected":false},"excerpt":{"rendered":"<p>Antes de subir a la Giralda: Descubre su arquitectura y secretos estructurales Cuando hablamos de la Giralda, no solo nos referimos a uno de los monumentos m\u00e1s ic\u00f3nicos de Sevilla, sino a una aut\u00e9ntica obra maestra de la arquitectura hist\u00f3rica. Su valor no reside \u00fanicamente en su belleza, sino en c\u00f3mo fue construida y qu\u00e9 [&hellip;]<\/p>\n","protected":false},"author":2,"featured_media":0,"parent":0,"menu_order":0,"comment_status":"closed","ping_status":"closed","template":"","meta":{"_acf_changed":false,"footnotes":""},"class_list":["post-3294","page","type-page","status-publish","hentry"],"acf":[],"_links":{"self":[{"href":"https:\/\/www.hitocultural.com\/en\/wp-json\/wp\/v2\/pages\/3294","targetHints":{"allow":["GET"]}}],"collection":[{"href":"https:\/\/www.hitocultural.com\/en\/wp-json\/wp\/v2\/pages"}],"about":[{"href":"https:\/\/www.hitocultural.com\/en\/wp-json\/wp\/v2\/types\/page"}],"author":[{"embeddable":true,"href":"https:\/\/www.hitocultural.com\/en\/wp-json\/wp\/v2\/users\/2"}],"replies":[{"embeddable":true,"href":"https:\/\/www.hitocultural.com\/en\/wp-json\/wp\/v2\/comments?post=3294"}],"version-history":[{"count":2,"href":"https:\/\/www.hitocultural.com\/en\/wp-json\/wp\/v2\/pages\/3294\/revisions"}],"predecessor-version":[{"id":3298,"href":"https:\/\/www.hitocultural.com\/en\/wp-json\/wp\/v2\/pages\/3294\/revisions\/3298"}],"wp:attachment":[{"href":"https:\/\/www.hitocultural.com\/en\/wp-json\/wp\/v2\/media?parent=3294"}],"curies":[{"name":"wp","href":"https:\/\/api.w.org\/{rel}","templated":true}]}}